{"id":1990,"date":"2020-12-10T09:31:30","date_gmt":"2020-12-10T01:31:30","guid":{"rendered":"https:\/\/dfc-studio.com\/you-digital-agency-in-china\/"},"modified":"2025-09-22T14:15:10","modified_gmt":"2025-09-22T06:15:10","slug":"you-digital-agency-in-china","status":"publish","type":"page","link":"https:\/\/dfc-studio.com\/fr\/","title":{"rendered":"Accueil"},"content":{"rendered":"","protected":false},"excerpt":{"rendered":"","protected":false},"author":1,"featured_media":0,"parent":0,"menu_order":0,"comment_status":"closed","ping_status":"closed","template":"","meta":{"_acf_changed":false,"content-type":"","inline_featured_image":false,"footnotes":""},"acf":[],"yoast_head":"<!-- This site is optimized with the Yoast SEO plugin v23.5 - https:\/\/yoast.com\/wordpress\/plugins\/seo\/ -->\n<title>DFC Studio : Agence de marketing digital bas\u00e9e en Chine<\/title>\n<meta name=\"description\" content=\"Nous sommes sp\u00e9cialis\u00e9s dans la localisation de votre marque en Chine, l&#039;am\u00e9lioration de votre notori\u00e9t\u00e9 et la stimulation des ventes par le biais de plateformes de commerce social.\" \/>\n<meta name=\"robots\" content=\"index, follow, max-snippet:-1, max-image-preview:large, max-video-preview:-1\" \/>\n<link rel=\"canonical\" href=\"https:\/\/dfc-studio.com\/fr\/\" \/>\n<meta property=\"og:locale\" content=\"fr_FR\" \/>\n<meta property=\"og:type\" content=\"article\" \/>\n<meta property=\"og:title\" content=\"DFC Studio : Agence de marketing digital bas\u00e9e en Chine\" \/>\n<meta property=\"og:description\" content=\"Nous sommes sp\u00e9cialis\u00e9s dans la localisation de votre marque en Chine, l&#039;am\u00e9lioration de votre notori\u00e9t\u00e9 et la stimulation des ventes par le biais de plateformes de commerce social.\" \/>\n<meta property=\"og:url\" content=\"https:\/\/dfc-studio.com\/fr\/\" \/>\n<meta property=\"og:site_name\" content=\"DFC Studio\" \/>\n<meta property=\"article:modified_time\" content=\"2025-09-22T06:15:10+00:00\" \/>\n<meta name=\"twitter:card\" content=\"summary_large_image\" \/>\n<script type=\"application\/ld+json\" class=\"yoast-schema-graph\">{\"@context\":\"https:\/\/schema.org\",\"@graph\":[{\"@type\":\"WebPage\",\"@id\":\"https:\/\/dfc-studio.com\/fr\/\",\"url\":\"https:\/\/dfc-studio.com\/fr\/\",\"name\":\"DFC Studio : Agence de marketing digital bas\u00e9e en Chine\",\"isPartOf\":{\"@id\":\"https:\/\/dfc-studio.com\/fr\/#website\"},\"datePublished\":\"2020-12-10T01:31:30+00:00\",\"dateModified\":\"2025-09-22T06:15:10+00:00\",\"description\":\"Nous sommes sp\u00e9cialis\u00e9s dans la localisation de votre marque en Chine, l'am\u00e9lioration de votre notori\u00e9t\u00e9 et la stimulation des ventes par le biais de plateformes de commerce social.\",\"inLanguage\":\"fr-FR\",\"potentialAction\":[{\"@type\":\"ReadAction\",\"target\":[\"https:\/\/dfc-studio.com\/fr\/\"]}]},{\"@type\":\"WebSite\",\"@id\":\"https:\/\/dfc-studio.com\/fr\/#website\",\"url\":\"https:\/\/dfc-studio.com\/fr\/\",\"name\":\"DFC Studio\",\"description\":\"We help companies build and develop impactful brand\",\"publisher\":{\"@id\":\"https:\/\/dfc-studio.com\/fr\/#organization\"},\"potentialAction\":[{\"@type\":\"SearchAction\",\"target\":{\"@type\":\"EntryPoint\",\"urlTemplate\":\"https:\/\/dfc-studio.com\/fr\/?s={search_term_string}\"},\"query-input\":{\"@type\":\"PropertyValueSpecification\",\"valueRequired\":true,\"valueName\":\"search_term_string\"}}],\"inLanguage\":\"fr-FR\"},{\"@type\":\"Organization\",\"@id\":\"https:\/\/dfc-studio.com\/fr\/#organization\",\"name\":\"DFC Studio\",\"url\":\"https:\/\/dfc-studio.com\/fr\/\",\"logo\":{\"@type\":\"ImageObject\",\"inLanguage\":\"fr-FR\",\"@id\":\"https:\/\/dfc-studio.com\/fr\/#\/schema\/logo\/image\/\",\"url\":\"https:\/\/dfc-studio.com\/wp-content\/uploads\/2021\/07\/logo-long-blanc-DFC.svg\",\"contentUrl\":\"https:\/\/dfc-studio.com\/wp-content\/uploads\/2021\/07\/logo-long-blanc-DFC.svg\",\"width\":250,\"height\":72,\"caption\":\"DFC Studio\"},\"image\":{\"@id\":\"https:\/\/dfc-studio.com\/fr\/#\/schema\/logo\/image\/\"}}]}<\/script>\n<!-- \/ Yoast SEO plugin. -->","yoast_head_json":{"title":"DFC Studio : Agence de marketing digital bas\u00e9e en Chine","description":"Nous sommes sp\u00e9cialis\u00e9s dans la localisation de votre marque en Chine, l'am\u00e9lioration de votre notori\u00e9t\u00e9 et la stimulation des ventes par le biais de plateformes de commerce social.","robots":{"index":"index","follow":"follow","max-snippet":"max-snippet:-1","max-image-preview":"max-image-preview:large","max-video-preview":"max-video-preview:-1"},"canonical":"https:\/\/dfc-studio.com\/fr\/","og_locale":"fr_FR","og_type":"article","og_title":"DFC Studio : Agence de marketing digital bas\u00e9e en Chine","og_description":"Nous sommes sp\u00e9cialis\u00e9s dans la localisation de votre marque en Chine, l'am\u00e9lioration de votre notori\u00e9t\u00e9 et la stimulation des ventes par le biais de plateformes de commerce social.","og_url":"https:\/\/dfc-studio.com\/fr\/","og_site_name":"DFC Studio","article_modified_time":"2025-09-22T06:15:10+00:00","twitter_card":"summary_large_image","schema":{"@context":"https:\/\/schema.org","@graph":[{"@type":"WebPage","@id":"https:\/\/dfc-studio.com\/fr\/","url":"https:\/\/dfc-studio.com\/fr\/","name":"DFC Studio : Agence de marketing digital bas\u00e9e en Chine","isPartOf":{"@id":"https:\/\/dfc-studio.com\/fr\/#website"},"datePublished":"2020-12-10T01:31:30+00:00","dateModified":"2025-09-22T06:15:10+00:00","description":"Nous sommes sp\u00e9cialis\u00e9s dans la localisation de votre marque en Chine, l'am\u00e9lioration de votre notori\u00e9t\u00e9 et la stimulation des ventes par le biais de plateformes de commerce social.","inLanguage":"fr-FR","potentialAction":[{"@type":"ReadAction","target":["https:\/\/dfc-studio.com\/fr\/"]}]},{"@type":"WebSite","@id":"https:\/\/dfc-studio.com\/fr\/#website","url":"https:\/\/dfc-studio.com\/fr\/","name":"DFC Studio","description":"We help companies build and develop impactful brand","publisher":{"@id":"https:\/\/dfc-studio.com\/fr\/#organization"},"potentialAction":[{"@type":"SearchAction","target":{"@type":"EntryPoint","urlTemplate":"https:\/\/dfc-studio.com\/fr\/?s={search_term_string}"},"query-input":{"@type":"PropertyValueSpecification","valueRequired":true,"valueName":"search_term_string"}}],"inLanguage":"fr-FR"},{"@type":"Organization","@id":"https:\/\/dfc-studio.com\/fr\/#organization","name":"DFC Studio","url":"https:\/\/dfc-studio.com\/fr\/","logo":{"@type":"ImageObject","inLanguage":"fr-FR","@id":"https:\/\/dfc-studio.com\/fr\/#\/schema\/logo\/image\/","url":"https:\/\/dfc-studio.com\/wp-content\/uploads\/2021\/07\/logo-long-blanc-DFC.svg","contentUrl":"https:\/\/dfc-studio.com\/wp-content\/uploads\/2021\/07\/logo-long-blanc-DFC.svg","width":250,"height":72,"caption":"DFC Studio"},"image":{"@id":"https:\/\/dfc-studio.com\/fr\/#\/schema\/logo\/image\/"}}]}},"_links":{"self":[{"href":"https:\/\/dfc-studio.com\/fr\/wp-json\/wp\/v2\/pages\/1990"}],"collection":[{"href":"https:\/\/dfc-studio.com\/fr\/wp-json\/wp\/v2\/pages"}],"about":[{"href":"https:\/\/dfc-studio.com\/fr\/wp-json\/wp\/v2\/types\/page"}],"author":[{"embeddable":true,"href":"https:\/\/dfc-studio.com\/fr\/wp-json\/wp\/v2\/users\/1"}],"replies":[{"embeddable":true,"href":"https:\/\/dfc-studio.com\/fr\/wp-json\/wp\/v2\/comments?post=1990"}],"version-history":[{"count":71,"href":"https:\/\/dfc-studio.com\/fr\/wp-json\/wp\/v2\/pages\/1990\/revisions"}],"predecessor-version":[{"id":4556,"href":"https:\/\/dfc-studio.com\/fr\/wp-json\/wp\/v2\/pages\/1990\/revisions\/4556"}],"wp:attachment":[{"href":"https:\/\/dfc-studio.com\/fr\/wp-json\/wp\/v2\/media?parent=1990"}],"curies":[{"name":"wp","href":"https:\/\/api.w.org\/{rel}","templated":true}]}}